{"id":3172,"date":"2025-01-03T12:33:08","date_gmt":"2025-01-03T11:33:08","guid":{"rendered":"https:\/\/eywalodgeamazonas.com\/blog\/"},"modified":"2025-06-09T15:03:56","modified_gmt":"2025-06-09T13:03:56","slug":"blog","status":"publish","type":"page","link":"https:\/\/eywalodgeamazonas.com\/en\/blog\/","title":{"rendered":"Blog"},"content":{"rendered":"\t\t<div data-elementor-type=\"wp-page\" data-elementor-id=\"3172\" class=\"elementor elementor-3172 elementor-3124\" data-elementor-post-type=\"page\">\n\t\t\t\t<div class=\"elementor-element elementor-element-9b9d467 e-flex e-con-boxed elementor-invisible e-con e-parent\" data-id=\"9b9d467\" data-element_type=\"container\" data-settings=\"{&quot;animation&quot;:&quot;fadeIn&quot;}\">\n\t\t\t\t\t<div class=\"e-con-inner\">\n\t\t<div class=\"elementor-element elementor-element-4d1f1f1 e-con-full e-flex e-con e-child\" data-id=\"4d1f1f1\" data-element_type=\"container\" data-settings=\"{&quot;background_background&quot;:&quot;classic&quot;}\">\n\t\t<div class=\"elementor-element elementor-element-31a9d3c e-flex e-con-boxed e-con e-child\" data-id=\"31a9d3c\" data-element_type=\"container\" data-settings=\"{&quot;background_background&quot;:&quot;classic&quot;}\">\n\t\t\t\t\t<div class=\"e-con-inner\">\n\t\t\t\t<div class=\"elementor-element elementor-element-34f10b0 elementor-widget elementor-widget-heading\" data-id=\"34f10b0\" data-element_type=\"widget\" data-widget_type=\"heading.default\">\n\t\t\t\t<div class=\"elementor-widget-container\">\n\t\t\t\t\t<h2 class=\"elementor-heading-title elementor-size-default\">BLOG<\/h2>\t\t\t\t<\/div>\n\t\t\t\t<\/div>\n\t\t\t\t<div class=\"elementor-element elementor-element-7597c8c elementor-widget elementor-widget-text-editor\" data-id=\"7597c8c\" data-element_type=\"widget\" data-widget_type=\"text-editor.default\">\n\t\t\t\t<div class=\"elementor-widget-container\">\n\t\t\t\t\t\t\t\t\t<p>Welcome to the Eywa Lodge Amazonas blog, your gateway to the incredible experience of staying in the Amazon rainforest. Discover travel tips, fascinating stories and everything you need to know to plan an unforgettable stay at our exclusive lodge in the heart of the Peruvian Amazon. <\/p>\n\t\t\t\t\t\t\t\t<\/div>\n\t\t\t\t<\/div>\n\t\t\t\t<div class=\"elementor-element elementor-element-f10ef76 elementor-grid-3 elementor-grid-tablet-2 elementor-grid-mobile-1 elementor-posts--thumbnail-top elementor-card-shadow-yes elementor-posts__hover-gradient elementor-widget elementor-widget-posts\" data-id=\"f10ef76\" data-element_type=\"widget\" data-settings=\"{&quot;cards_row_gap&quot;:{&quot;unit&quot;:&quot;px&quot;,&quot;size&quot;:20,&quot;sizes&quot;:[]},&quot;cards_columns&quot;:&quot;3&quot;,&quot;cards_columns_tablet&quot;:&quot;2&quot;,&quot;cards_columns_mobile&quot;:&quot;1&quot;,&quot;cards_row_gap_tablet&quot;:{&quot;unit&quot;:&quot;px&quot;,&quot;size&quot;:&quot;&quot;,&quot;sizes&quot;:[]},&quot;cards_row_gap_mobile&quot;:{&quot;unit&quot;:&quot;px&quot;,&quot;size&quot;:&quot;&quot;,&quot;sizes&quot;:[]}}\" data-widget_type=\"posts.cards\">\n\t\t\t\t<div class=\"elementor-widget-container\">\n\t\t\t\t\t\t\t<div class=\"elementor-posts-container elementor-posts elementor-posts--skin-cards elementor-grid\">\n\t\t\t\t<article class=\"elementor-post elementor-grid-item post-3267 post type-post status-publish format-standard hentry category-sin-categorizar\">\n\t\t\t<div class=\"elementor-post__card\">\n\t\t\t\t<div class=\"elementor-post__text\">\n\t\t\t\t<h3 class=\"elementor-post__title\">\n\t\t\t<a href=\"https:\/\/eywalodgeamazonas.com\/en\/2025\/08\/07\/supporting-amazon-conservation-eywa-lodge-amazonas-and-crea\/\" >\n\t\t\t\tSupporting Amazon Conservation: Eywa Lodge Amazonas and CREA\t\t\t<\/a>\n\t\t<\/h3>\n\t\t\t\t<div class=\"elementor-post__excerpt\">\n\t\t\t<p>The Amazon rainforest is home to a rich and unique ecosystem filled with a wide variety of species, many of which are endangered. One of<\/p>\n\t\t<\/div>\n\t\t\n\t\t<a class=\"elementor-post__read-more\" href=\"https:\/\/eywalodgeamazonas.com\/en\/2025\/08\/07\/supporting-amazon-conservation-eywa-lodge-amazonas-and-crea\/\" aria-label=\"Read more about Supporting Amazon Conservation: Eywa Lodge Amazonas and CREA\" tabindex=\"-1\" >\n\t\t\tRead more \"\t\t<\/a>\n\n\t\t\t\t<\/div>\n\t\t\t\t<div class=\"elementor-post__meta-data\">\n\t\t\t\t\t<span class=\"elementor-post-date\">\n\t\t\t7 de August de 2025\t\t<\/span>\n\t\t\t\t<\/div>\n\t\t\t\t\t<\/div>\n\t\t<\/article>\n\t\t\t\t<article class=\"elementor-post elementor-grid-item post-3247 post type-post status-publish format-standard hentry category-sin-categorizar\">\n\t\t\t<div class=\"elementor-post__card\">\n\t\t\t\t<div class=\"elementor-post__text\">\n\t\t\t\t<h3 class=\"elementor-post__title\">\n\t\t\t<a href=\"https:\/\/eywalodgeamazonas.com\/en\/2025\/07\/28\/medicinal-plants-of-the-amazon-at-eywa-lodge\/\" >\n\t\t\t\tMedicinal plants of the Amazon\t\t\t<\/a>\n\t\t<\/h3>\n\t\t\t\t<div class=\"elementor-post__excerpt\">\n\t\t\t<p>The Amazon rainforest is known as the &#8220;lungs of the planet&#8221;, but it is also a veritable treasure trove of medicinal plants that have been<\/p>\n\t\t<\/div>\n\t\t\n\t\t<a class=\"elementor-post__read-more\" href=\"https:\/\/eywalodgeamazonas.com\/en\/2025\/07\/28\/medicinal-plants-of-the-amazon-at-eywa-lodge\/\" aria-label=\"Read more about Medicinal plants of the Amazon\" tabindex=\"-1\" >\n\t\t\tRead more \"\t\t<\/a>\n\n\t\t\t\t<\/div>\n\t\t\t\t<div class=\"elementor-post__meta-data\">\n\t\t\t\t\t<span class=\"elementor-post-date\">\n\t\t\t28 de July de 2025\t\t<\/span>\n\t\t\t\t<\/div>\n\t\t\t\t\t<\/div>\n\t\t<\/article>\n\t\t\t\t<article class=\"elementor-post elementor-grid-item post-3238 post type-post status-publish format-standard hentry category-sin-categorizar\">\n\t\t\t<div class=\"elementor-post__card\">\n\t\t\t\t<div class=\"elementor-post__text\">\n\t\t\t\t<h3 class=\"elementor-post__title\">\n\t\t\t<a href=\"https:\/\/eywalodgeamazonas.com\/en\/2025\/07\/11\/adventures-and-activities-at-eywa-lodge\/\" >\n\t\t\t\tAdventures and activities at Eywa Lodge\t\t\t<\/a>\n\t\t<\/h3>\n\t\t\t\t<div class=\"elementor-post__excerpt\">\n\t\t\t<p>If you are looking for an authentic adventure in the heart of the Amazon rainforest, Eywa Lodge offers an exceptional experience that combines nature, adventure<\/p>\n\t\t<\/div>\n\t\t\n\t\t<a class=\"elementor-post__read-more\" href=\"https:\/\/eywalodgeamazonas.com\/en\/2025\/07\/11\/adventures-and-activities-at-eywa-lodge\/\" aria-label=\"Read more about Adventures and activities at Eywa Lodge\" tabindex=\"-1\" >\n\t\t\tRead more \"\t\t<\/a>\n\n\t\t\t\t<\/div>\n\t\t\t\t<div class=\"elementor-post__meta-data\">\n\t\t\t\t\t<span class=\"elementor-post-date\">\n\t\t\t11 de July de 2025\t\t<\/span>\n\t\t\t\t<\/div>\n\t\t\t\t\t<\/div>\n\t\t<\/article>\n\t\t\t\t<article class=\"elementor-post elementor-grid-item post-3230 post type-post status-publish format-standard hentry category-sin-categorizar\">\n\t\t\t<div class=\"elementor-post__card\">\n\t\t\t\t<div class=\"elementor-post__text\">\n\t\t\t\t<h3 class=\"elementor-post__title\">\n\t\t\t<a href=\"https:\/\/eywalodgeamazonas.com\/en\/2025\/07\/09\/exploring-the-secrets-of-the-amazon-river\/\" >\n\t\t\t\tExploring the secrets of the Amazon River\t\t\t<\/a>\n\t\t<\/h3>\n\t\t\t\t<div class=\"elementor-post__excerpt\">\n\t\t\t<p>The best way to disconnect from our daily lives is by exploring the secrets of the Amazon River. The Amazon River, the world&#8217;s fastest flowing<\/p>\n\t\t<\/div>\n\t\t\n\t\t<a class=\"elementor-post__read-more\" href=\"https:\/\/eywalodgeamazonas.com\/en\/2025\/07\/09\/exploring-the-secrets-of-the-amazon-river\/\" aria-label=\"Read more about Exploring the secrets of the Amazon River\" tabindex=\"-1\" >\n\t\t\tRead more \"\t\t<\/a>\n\n\t\t\t\t<\/div>\n\t\t\t\t<div class=\"elementor-post__meta-data\">\n\t\t\t\t\t<span class=\"elementor-post-date\">\n\t\t\t9 de July de 2025\t\t<\/span>\n\t\t\t\t<\/div>\n\t\t\t\t\t<\/div>\n\t\t<\/article>\n\t\t\t\t<article class=\"elementor-post elementor-grid-item post-3210 post type-post status-publish format-standard hentry category-sin-categorizar\">\n\t\t\t<div class=\"elementor-post__card\">\n\t\t\t\t<div class=\"elementor-post__text\">\n\t\t\t\t<h3 class=\"elementor-post__title\">\n\t\t\t<a href=\"https:\/\/eywalodgeamazonas.com\/en\/2025\/06\/25\/ecoturismo-en-la-selva-amazonica\/\" >\n\t\t\t\tEcotourism in the Amazon Rainforest\t\t\t<\/a>\n\t\t<\/h3>\n\t\t\t\t<div class=\"elementor-post__excerpt\">\n\t\t\t<p>The Amazon Rainforest is one of the world\u2019s most critical ecosystems, often referred to as the lungs of the Earth. It plays a vital role<\/p>\n\t\t<\/div>\n\t\t\n\t\t<a class=\"elementor-post__read-more\" href=\"https:\/\/eywalodgeamazonas.com\/en\/2025\/06\/25\/ecoturismo-en-la-selva-amazonica\/\" aria-label=\"Read more about Ecotourism in the Amazon Rainforest\" tabindex=\"-1\" >\n\t\t\tRead more \"\t\t<\/a>\n\n\t\t\t\t<\/div>\n\t\t\t\t<div class=\"elementor-post__meta-data\">\n\t\t\t\t\t<span class=\"elementor-post-date\">\n\t\t\t25 de June de 2025\t\t<\/span>\n\t\t\t\t<\/div>\n\t\t\t\t\t<\/div>\n\t\t<\/article>\n\t\t\t\t<article class=\"elementor-post elementor-grid-item post-3199 post type-post status-publish format-standard hentry category-sin-categorizar tag-connection-with-nature\">\n\t\t\t<div class=\"elementor-post__card\">\n\t\t\t\t<div class=\"elementor-post__text\">\n\t\t\t\t<h3 class=\"elementor-post__title\">\n\t\t\t<a href=\"https:\/\/eywalodgeamazonas.com\/en\/2025\/06\/18\/reconnect-with-nature-with-eywa-lodge-amazon\/\" >\n\t\t\t\tConnection with Nature: Benefits of Digital Detox Tourism\t\t\t<\/a>\n\t\t<\/h3>\n\t\t\t\t<div class=\"elementor-post__excerpt\">\n\t\t\t<p>In today\u2019s fast-paced world, finding time to unplug and reconnect with nature has become essential. Studies consistently show that spending time outdoors reduces stress, improves<\/p>\n\t\t<\/div>\n\t\t\n\t\t<a class=\"elementor-post__read-more\" href=\"https:\/\/eywalodgeamazonas.com\/en\/2025\/06\/18\/reconnect-with-nature-with-eywa-lodge-amazon\/\" aria-label=\"Read more about Connection with Nature: Benefits of Digital Detox Tourism\" tabindex=\"-1\" >\n\t\t\tRead more \"\t\t<\/a>\n\n\t\t\t\t<\/div>\n\t\t\t\t<div class=\"elementor-post__meta-data\">\n\t\t\t\t\t<span class=\"elementor-post-date\">\n\t\t\t18 de June de 2025\t\t<\/span>\n\t\t\t\t<\/div>\n\t\t\t\t\t<\/div>\n\t\t<\/article>\n\t\t\t\t<\/div>\n\t\t\n\t\t\t\t\t\t<\/div>\n\t\t\t\t<\/div>\n\t\t\t\t\t<\/div>\n\t\t\t\t<\/div>\n\t\t\t\t<\/div>\n\t\t\t\t\t<\/div>\n\t\t\t\t<\/div>\n\t\t\t\t<\/div>\n\t\t","protected":false},"excerpt":{"rendered":"<p>BLOG Welcome to the Eywa Lodge Amazonas blog, your gateway to the incredible experience of staying in the Amazon rainforest. Discover travel tips, fascinating stories and everything you need to know to plan an unforgettable stay at our exclusive lodge in the heart of the Peruvian Amazon.<\/p>\n","protected":false},"author":1,"featured_media":0,"parent":0,"menu_order":0,"comment_status":"closed","ping_status":"closed","template":"","meta":{"footnotes":""},"class_list":["post-3172","page","type-page","status-publish","hentry"],"yoast_head":"<!-- This site is optimized with the Yoast SEO plugin v24.1 - https:\/\/yoast.com\/wordpress\/plugins\/seo\/ -->\n<title>Blog - Eywa Lodge Amazonas<\/title>\n<meta name=\"robots\" content=\"index, follow, max-snippet:-1, max-image-preview:large, max-video-preview:-1\" \/>\n<link rel=\"canonical\" href=\"https:\/\/eywalodgeamazonas.com\/en\/blog\/\" \/>\n<meta property=\"og:locale\" content=\"en_US\" \/>\n<meta property=\"og:type\" content=\"article\" \/>\n<meta property=\"og:title\" content=\"Blog - Eywa Lodge Amazonas\" \/>\n<meta property=\"og:description\" content=\"BLOG Welcome to the Eywa Lodge Amazonas blog, your gateway to the incredible experience of staying in the Amazon rainforest. Discover travel tips, fascinating stories and everything you need to know to plan an unforgettable stay at our exclusive lodge in the heart of the Peruvian Amazon.\" \/>\n<meta property=\"og:url\" content=\"https:\/\/eywalodgeamazonas.com\/en\/blog\/\" \/>\n<meta property=\"og:site_name\" content=\"Eywa Lodge Amazonas\" \/>\n<meta property=\"article:modified_time\" content=\"2025-06-09T13:03:56+00:00\" \/>\n<meta property=\"og:image\" content=\"https:\/\/eywalodgeamazonas.com\/wp-content\/uploads\/2024\/08\/eywaSoc.jpg\" \/>\n\t<meta property=\"og:image:width\" content=\"1200\" \/>\n\t<meta property=\"og:image:height\" content=\"675\" \/>\n\t<meta property=\"og:image:type\" content=\"image\/jpeg\" \/>\n<meta name=\"twitter:card\" content=\"summary_large_image\" \/>\n<script type=\"application\/ld+json\" class=\"yoast-schema-graph\">{\"@context\":\"https:\/\/schema.org\",\"@graph\":[{\"@type\":\"WebPage\",\"@id\":\"https:\/\/eywalodgeamazonas.com\/en\/blog\/\",\"url\":\"https:\/\/eywalodgeamazonas.com\/en\/blog\/\",\"name\":\"Blog - Eywa Lodge Amazonas\",\"isPartOf\":{\"@id\":\"https:\/\/eywalodgeamazonas.com\/#website\"},\"datePublished\":\"2025-01-03T11:33:08+00:00\",\"dateModified\":\"2025-06-09T13:03:56+00:00\",\"breadcrumb\":{\"@id\":\"https:\/\/eywalodgeamazonas.com\/en\/blog\/#breadcrumb\"},\"inLanguage\":\"en-US\",\"potentialAction\":[{\"@type\":\"ReadAction\",\"target\":[\"https:\/\/eywalodgeamazonas.com\/en\/blog\/\"]}]},{\"@type\":\"BreadcrumbList\",\"@id\":\"https:\/\/eywalodgeamazonas.com\/en\/blog\/#breadcrumb\",\"itemListElement\":[{\"@type\":\"ListItem\",\"position\":1,\"name\":\"Home\",\"item\":\"https:\/\/eywalodgeamazonas.com\/\"},{\"@type\":\"ListItem\",\"position\":2,\"name\":\"Blog\"}]},{\"@type\":\"WebSite\",\"@id\":\"https:\/\/eywalodgeamazonas.com\/#website\",\"url\":\"https:\/\/eywalodgeamazonas.com\/\",\"name\":\"Eywa Lodge Amazonas\",\"description\":\"Eco-lodge en la selva Amaz\u00f3nica cerca de Iquitos (Per\u00fa), justo al lado del nacimiento del r\u00edo Amazonas.\",\"publisher\":{\"@id\":\"https:\/\/eywalodgeamazonas.com\/#organization\"},\"alternateName\":\"Eywa Lodge Amazonas\",\"potentialAction\":[{\"@type\":\"SearchAction\",\"target\":{\"@type\":\"EntryPoint\",\"urlTemplate\":\"https:\/\/eywalodgeamazonas.com\/?s={search_term_string}\"},\"query-input\":{\"@type\":\"PropertyValueSpecification\",\"valueRequired\":true,\"valueName\":\"search_term_string\"}}],\"inLanguage\":\"en-US\"},{\"@type\":\"Organization\",\"@id\":\"https:\/\/eywalodgeamazonas.com\/#organization\",\"name\":\"Eywa Lodge Amazonas\",\"url\":\"https:\/\/eywalodgeamazonas.com\/\",\"logo\":{\"@type\":\"ImageObject\",\"inLanguage\":\"en-US\",\"@id\":\"https:\/\/eywalodgeamazonas.com\/#\/schema\/logo\/image\/\",\"url\":\"https:\/\/eywalodgeamazonas.com\/wp-content\/uploads\/2024\/04\/EYWA_LODGE_AMAZONAS-logo-A.png\",\"contentUrl\":\"https:\/\/eywalodgeamazonas.com\/wp-content\/uploads\/2024\/04\/EYWA_LODGE_AMAZONAS-logo-A.png\",\"width\":276,\"height\":257,\"caption\":\"Eywa Lodge Amazonas\"},\"image\":{\"@id\":\"https:\/\/eywalodgeamazonas.com\/#\/schema\/logo\/image\/\"}}]}<\/script>\n<!-- \/ Yoast SEO plugin. -->","yoast_head_json":{"title":"Blog - Eywa Lodge Amazonas","robots":{"index":"index","follow":"follow","max-snippet":"max-snippet:-1","max-image-preview":"max-image-preview:large","max-video-preview":"max-video-preview:-1"},"canonical":"https:\/\/eywalodgeamazonas.com\/en\/blog\/","og_locale":"en_US","og_type":"article","og_title":"Blog - Eywa Lodge Amazonas","og_description":"BLOG Welcome to the Eywa Lodge Amazonas blog, your gateway to the incredible experience of staying in the Amazon rainforest. Discover travel tips, fascinating stories and everything you need to know to plan an unforgettable stay at our exclusive lodge in the heart of the Peruvian Amazon.","og_url":"https:\/\/eywalodgeamazonas.com\/en\/blog\/","og_site_name":"Eywa Lodge Amazonas","article_modified_time":"2025-06-09T13:03:56+00:00","og_image":[{"width":1200,"height":675,"url":"https:\/\/eywalodgeamazonas.com\/wp-content\/uploads\/2024\/08\/eywaSoc.jpg","type":"image\/jpeg"}],"twitter_card":"summary_large_image","schema":{"@context":"https:\/\/schema.org","@graph":[{"@type":"WebPage","@id":"https:\/\/eywalodgeamazonas.com\/en\/blog\/","url":"https:\/\/eywalodgeamazonas.com\/en\/blog\/","name":"Blog - Eywa Lodge Amazonas","isPartOf":{"@id":"https:\/\/eywalodgeamazonas.com\/#website"},"datePublished":"2025-01-03T11:33:08+00:00","dateModified":"2025-06-09T13:03:56+00:00","breadcrumb":{"@id":"https:\/\/eywalodgeamazonas.com\/en\/blog\/#breadcrumb"},"inLanguage":"en-US","potentialAction":[{"@type":"ReadAction","target":["https:\/\/eywalodgeamazonas.com\/en\/blog\/"]}]},{"@type":"BreadcrumbList","@id":"https:\/\/eywalodgeamazonas.com\/en\/blog\/#breadcrumb","itemListElement":[{"@type":"ListItem","position":1,"name":"Home","item":"https:\/\/eywalodgeamazonas.com\/"},{"@type":"ListItem","position":2,"name":"Blog"}]},{"@type":"WebSite","@id":"https:\/\/eywalodgeamazonas.com\/#website","url":"https:\/\/eywalodgeamazonas.com\/","name":"Eywa Lodge Amazonas","description":"Eco-lodge en la selva Amaz\u00f3nica cerca de Iquitos (Per\u00fa), justo al lado del nacimiento del r\u00edo Amazonas.","publisher":{"@id":"https:\/\/eywalodgeamazonas.com\/#organization"},"alternateName":"Eywa Lodge Amazonas","potentialAction":[{"@type":"SearchAction","target":{"@type":"EntryPoint","urlTemplate":"https:\/\/eywalodgeamazonas.com\/?s={search_term_string}"},"query-input":{"@type":"PropertyValueSpecification","valueRequired":true,"valueName":"search_term_string"}}],"inLanguage":"en-US"},{"@type":"Organization","@id":"https:\/\/eywalodgeamazonas.com\/#organization","name":"Eywa Lodge Amazonas","url":"https:\/\/eywalodgeamazonas.com\/","logo":{"@type":"ImageObject","inLanguage":"en-US","@id":"https:\/\/eywalodgeamazonas.com\/#\/schema\/logo\/image\/","url":"https:\/\/eywalodgeamazonas.com\/wp-content\/uploads\/2024\/04\/EYWA_LODGE_AMAZONAS-logo-A.png","contentUrl":"https:\/\/eywalodgeamazonas.com\/wp-content\/uploads\/2024\/04\/EYWA_LODGE_AMAZONAS-logo-A.png","width":276,"height":257,"caption":"Eywa Lodge Amazonas"},"image":{"@id":"https:\/\/eywalodgeamazonas.com\/#\/schema\/logo\/image\/"}}]}},"_links":{"self":[{"href":"https:\/\/eywalodgeamazonas.com\/en\/wp-json\/wp\/v2\/pages\/3172","targetHints":{"allow":["GET"]}}],"collection":[{"href":"https:\/\/eywalodgeamazonas.com\/en\/wp-json\/wp\/v2\/pages"}],"about":[{"href":"https:\/\/eywalodgeamazonas.com\/en\/wp-json\/wp\/v2\/types\/page"}],"author":[{"embeddable":true,"href":"https:\/\/eywalodgeamazonas.com\/en\/wp-json\/wp\/v2\/users\/1"}],"replies":[{"embeddable":true,"href":"https:\/\/eywalodgeamazonas.com\/en\/wp-json\/wp\/v2\/comments?post=3172"}],"version-history":[{"count":1,"href":"https:\/\/eywalodgeamazonas.com\/en\/wp-json\/wp\/v2\/pages\/3172\/revisions"}],"predecessor-version":[{"id":3173,"href":"https:\/\/eywalodgeamazonas.com\/en\/wp-json\/wp\/v2\/pages\/3172\/revisions\/3173"}],"wp:attachment":[{"href":"https:\/\/eywalodgeamazonas.com\/en\/wp-json\/wp\/v2\/media?parent=3172"}],"curies":[{"name":"wp","href":"https:\/\/api.w.org\/{rel}","templated":true}]}}