{"id":2973,"date":"2024-05-16T02:42:33","date_gmt":"2024-05-16T00:42:33","guid":{"rendered":"https:\/\/eywa.ronindev.today\/contact\/"},"modified":"2024-08-09T17:13:33","modified_gmt":"2024-08-09T15:13:33","slug":"contact","status":"publish","type":"page","link":"https:\/\/eywalodgeamazonas.com\/en\/contact\/","title":{"rendered":"Contact"},"content":{"rendered":"\t\t<div data-elementor-type=\"wp-page\" data-elementor-id=\"2973\" class=\"elementor elementor-2973 elementor-1115\" data-elementor-post-type=\"page\">\n\t\t\t\t<div class=\"elementor-element elementor-element-f6a3eb8 e-flex e-con-boxed elementor-invisible e-con e-parent\" data-id=\"f6a3eb8\" data-element_type=\"container\" data-settings=\"{&quot;animation&quot;:&quot;fadeIn&quot;}\">\n\t\t\t\t\t<div class=\"e-con-inner\">\n\t\t<div class=\"elementor-element elementor-element-22e2d89 e-con-full e-flex e-con e-child\" data-id=\"22e2d89\" data-element_type=\"container\" data-settings=\"{&quot;background_background&quot;:&quot;classic&quot;}\">\n\t\t<div class=\"elementor-element elementor-element-61a961b e-flex e-con-boxed e-con e-child\" data-id=\"61a961b\" data-element_type=\"container\" data-settings=\"{&quot;background_background&quot;:&quot;classic&quot;}\">\n\t\t\t\t\t<div class=\"e-con-inner\">\n\t\t<div class=\"elementor-element elementor-element-78efb07 e-flex e-con-boxed e-con e-child\" data-id=\"78efb07\" data-element_type=\"container\">\n\t\t\t\t\t<div class=\"e-con-inner\">\n\t\t\t\t<div class=\"elementor-element elementor-element-dfa6678 elementor-widget elementor-widget-heading\" data-id=\"dfa6678\" data-element_type=\"widget\" data-widget_type=\"heading.default\">\n\t\t\t\t<div class=\"elementor-widget-container\">\n\t\t\t\t\t<h2 class=\"elementor-heading-title elementor-size-default\">CONTACT US AT<br> <\/h2>\t\t\t\t<\/div>\n\t\t\t\t<\/div>\n\t\t\t\t<div class=\"elementor-element elementor-element-d60480e elementor-button-align-stretch elementor-widget elementor-widget-form\" data-id=\"d60480e\" data-element_type=\"widget\" data-settings=\"{&quot;step_next_label&quot;:&quot;Next&quot;,&quot;step_previous_label&quot;:&quot;Previous&quot;,&quot;button_width&quot;:&quot;100&quot;,&quot;step_type&quot;:&quot;number_text&quot;,&quot;step_icon_shape&quot;:&quot;circle&quot;}\" data-widget_type=\"form.default\">\n\t\t\t\t<div class=\"elementor-widget-container\">\n\t\t\t\t\t\t\t<form class=\"elementor-form\" method=\"post\" name=\"New form\">\n\t\t\t<input type=\"hidden\" name=\"post_id\" value=\"2973\"\/>\n\t\t\t<input type=\"hidden\" name=\"form_id\" value=\"d60480e\"\/>\n\t\t\t<input type=\"hidden\" name=\"referer_title\" value=\"Eywa Lodge Amazonas\" \/>\n\n\t\t\t\n\t\t\t<div class=\"elementor-form-fields-wrapper elementor-labels-above\">\n\t\t\t\t\t\t\t\t<div class=\"elementor-field-type-text elementor-field-group elementor-column elementor-field-group-name elementor-col-100\">\n\t\t\t\t\t\t\t\t\t\t\t\t<label for=\"form-field-name\" class=\"elementor-field-label\">\n\t\t\t\t\t\t\t\tFull Name\t\t\t\t\t\t\t<\/label>\n\t\t\t\t\t\t\t\t\t\t\t\t\t\t<input size=\"1\" type=\"text\" name=\"form_fields[name]\" id=\"form-field-name\" class=\"elementor-field elementor-size-sm  elementor-field-textual\">\n\t\t\t\t\t\t\t\t\t\t\t<\/div>\n\t\t\t\t\t\t\t\t<div class=\"elementor-field-type-email elementor-field-group elementor-column elementor-field-group-email elementor-col-100 elementor-field-required\">\n\t\t\t\t\t\t\t\t\t\t\t\t<label for=\"form-field-email\" class=\"elementor-field-label\">\n\t\t\t\t\t\t\t\tE-mail address\t\t\t\t\t\t\t<\/label>\n\t\t\t\t\t\t\t\t\t\t\t\t\t\t<input size=\"1\" type=\"email\" name=\"form_fields[email]\" id=\"form-field-email\" class=\"elementor-field elementor-size-sm  elementor-field-textual\" required=\"required\" aria-required=\"true\">\n\t\t\t\t\t\t\t\t\t\t\t<\/div>\n\t\t\t\t\t\t\t\t<div class=\"elementor-field-type-textarea elementor-field-group elementor-column elementor-field-group-message elementor-col-100\">\n\t\t\t\t\t\t\t\t\t\t\t\t<label for=\"form-field-message\" class=\"elementor-field-label\">\n\t\t\t\t\t\t\t\tMessage\t\t\t\t\t\t\t<\/label>\n\t\t\t\t\t\t<textarea class=\"elementor-field-textual elementor-field  elementor-size-sm\" name=\"form_fields[message]\" id=\"form-field-message\" rows=\"4\"><\/textarea>\t\t\t\t<\/div>\n\t\t\t\t\t\t\t\t<div class=\"elementor-field-group elementor-column elementor-field-type-submit elementor-col-100 e-form__buttons\">\n\t\t\t\t\t<button class=\"elementor-button elementor-size-sm\" type=\"submit\">\n\t\t\t\t\t\t<span class=\"elementor-button-content-wrapper\">\n\t\t\t\t\t\t\t\t\t\t\t\t\t\t\t\t\t\t\t\t\t\t<span class=\"elementor-button-text\">Send to<\/span>\n\t\t\t\t\t\t\t\t\t\t\t\t\t<\/span>\n\t\t\t\t\t<\/button>\n\t\t\t\t<\/div>\n\t\t\t<\/div>\n\t\t<\/form>\n\t\t\t\t\t\t<\/div>\n\t\t\t\t<\/div>\n\t\t\t\t\t<\/div>\n\t\t\t\t<\/div>\n\t\t<div class=\"elementor-element elementor-element-89dd6f0 e-flex e-con-boxed e-con e-child\" data-id=\"89dd6f0\" data-element_type=\"container\" data-settings=\"{&quot;background_background&quot;:&quot;classic&quot;}\">\n\t\t\t\t\t<div class=\"e-con-inner\">\n\t\t\t\t\t<\/div>\n\t\t\t\t<\/div>\n\t\t\t\t\t<\/div>\n\t\t\t\t<\/div>\n\t\t\t\t<\/div>\n\t\t\t\t\t<\/div>\n\t\t\t\t<\/div>\n\t\t\t\t<\/div>\n\t\t","protected":false},"excerpt":{"rendered":"<p>CONTACT US AT<\/p>\n","protected":false},"author":2,"featured_media":2940,"parent":0,"menu_order":0,"comment_status":"closed","ping_status":"closed","template":"","meta":{"footnotes":""},"class_list":["post-2973","page","type-page","status-publish","has-post-thumbnail","hentry"],"yoast_head":"<!-- This site is optimized with the Yoast SEO plugin v24.1 - https:\/\/yoast.com\/wordpress\/plugins\/seo\/ -->\n<title>Contact - Eywa Lodge Amazonas<\/title>\n<meta name=\"description\" content=\"Eco-lodge in the Amazon rainforest near Iquitos (Peru), right next to the source of the Amazon River.\" \/>\n<meta name=\"robots\" content=\"index, follow, max-snippet:-1, max-image-preview:large, max-video-preview:-1\" \/>\n<link rel=\"canonical\" href=\"https:\/\/eywalodgeamazonas.com\/en\/contact\/\" \/>\n<meta property=\"og:locale\" content=\"en_US\" \/>\n<meta property=\"og:type\" content=\"article\" \/>\n<meta property=\"og:title\" content=\"Eywa Lodge Amazonas\" \/>\n<meta property=\"og:description\" content=\"Eco-lodge in the Amazon rainforest near Iquitos (Peru), right next to the source of the Amazon River.\" \/>\n<meta property=\"og:url\" content=\"https:\/\/eywalodgeamazonas.com\/en\/contact\/\" \/>\n<meta property=\"og:site_name\" content=\"Eywa Lodge Amazonas\" \/>\n<meta property=\"article:modified_time\" content=\"2024-08-09T15:13:33+00:00\" \/>\n<meta property=\"og:image\" content=\"https:\/\/eywalodgeamazonas.com\/wp-content\/uploads\/2024\/08\/eywaSoc.jpg\" \/>\n\t<meta property=\"og:image:width\" content=\"1200\" \/>\n\t<meta property=\"og:image:height\" content=\"675\" \/>\n\t<meta property=\"og:image:type\" content=\"image\/jpeg\" \/>\n<meta name=\"twitter:card\" content=\"summary_large_image\" \/>\n<meta name=\"twitter:title\" content=\"Eywa Lodge Amazonas\" \/>\n<meta name=\"twitter:description\" content=\"Eco-lodge in the Amazon rainforest near Iquitos (Peru), right next to the source of the Amazon River.\" \/>\n<meta name=\"twitter:image\" content=\"https:\/\/eywalodgeamazonas.com\/wp-content\/uploads\/2024\/08\/eywaSoc.jpg\" \/>\n<meta name=\"twitter:label1\" content=\"Est. reading time\" \/>\n\t<meta name=\"twitter:data1\" content=\"1 minute\" \/>\n<script type=\"application\/ld+json\" class=\"yoast-schema-graph\">{\"@context\":\"https:\/\/schema.org\",\"@graph\":[{\"@type\":\"WebPage\",\"@id\":\"https:\/\/eywalodgeamazonas.com\/en\/contact\/\",\"url\":\"https:\/\/eywalodgeamazonas.com\/en\/contact\/\",\"name\":\"Contact - Eywa Lodge Amazonas\",\"isPartOf\":{\"@id\":\"https:\/\/eywalodgeamazonas.com\/#website\"},\"primaryImageOfPage\":{\"@id\":\"https:\/\/eywalodgeamazonas.com\/en\/contact\/#primaryimage\"},\"image\":{\"@id\":\"https:\/\/eywalodgeamazonas.com\/en\/contact\/#primaryimage\"},\"thumbnailUrl\":\"https:\/\/eywalodgeamazonas.com\/wp-content\/uploads\/2024\/06\/EYWA-LODGE-AMAZONAS-bungalow-exterior3.jpg\",\"datePublished\":\"2024-05-16T00:42:33+00:00\",\"dateModified\":\"2024-08-09T15:13:33+00:00\",\"description\":\"Eco-lodge in the Amazon rainforest near Iquitos (Peru), right next to the source of the Amazon River.\",\"breadcrumb\":{\"@id\":\"https:\/\/eywalodgeamazonas.com\/en\/contact\/#breadcrumb\"},\"inLanguage\":\"en-US\",\"potentialAction\":[{\"@type\":\"ReadAction\",\"target\":[\"https:\/\/eywalodgeamazonas.com\/en\/contact\/\"]}]},{\"@type\":\"ImageObject\",\"inLanguage\":\"en-US\",\"@id\":\"https:\/\/eywalodgeamazonas.com\/en\/contact\/#primaryimage\",\"url\":\"https:\/\/eywalodgeamazonas.com\/wp-content\/uploads\/2024\/06\/EYWA-LODGE-AMAZONAS-bungalow-exterior3.jpg\",\"contentUrl\":\"https:\/\/eywalodgeamazonas.com\/wp-content\/uploads\/2024\/06\/EYWA-LODGE-AMAZONAS-bungalow-exterior3.jpg\",\"width\":1256,\"height\":1040},{\"@type\":\"BreadcrumbList\",\"@id\":\"https:\/\/eywalodgeamazonas.com\/en\/contact\/#breadcrumb\",\"itemListElement\":[{\"@type\":\"ListItem\",\"position\":1,\"name\":\"Home\",\"item\":\"https:\/\/eywalodgeamazonas.com\/\"},{\"@type\":\"ListItem\",\"position\":2,\"name\":\"Contact\"}]},{\"@type\":\"WebSite\",\"@id\":\"https:\/\/eywalodgeamazonas.com\/#website\",\"url\":\"https:\/\/eywalodgeamazonas.com\/\",\"name\":\"Eywa Lodge Amazonas\",\"description\":\"Eco-lodge en la selva Amaz\u00f3nica cerca de Iquitos (Per\u00fa), justo al lado del nacimiento del r\u00edo Amazonas.\",\"publisher\":{\"@id\":\"https:\/\/eywalodgeamazonas.com\/#organization\"},\"alternateName\":\"Eywa Lodge Amazonas\",\"potentialAction\":[{\"@type\":\"SearchAction\",\"target\":{\"@type\":\"EntryPoint\",\"urlTemplate\":\"https:\/\/eywalodgeamazonas.com\/?s={search_term_string}\"},\"query-input\":{\"@type\":\"PropertyValueSpecification\",\"valueRequired\":true,\"valueName\":\"search_term_string\"}}],\"inLanguage\":\"en-US\"},{\"@type\":\"Organization\",\"@id\":\"https:\/\/eywalodgeamazonas.com\/#organization\",\"name\":\"Eywa Lodge Amazonas\",\"url\":\"https:\/\/eywalodgeamazonas.com\/\",\"logo\":{\"@type\":\"ImageObject\",\"inLanguage\":\"en-US\",\"@id\":\"https:\/\/eywalodgeamazonas.com\/#\/schema\/logo\/image\/\",\"url\":\"https:\/\/eywalodgeamazonas.com\/wp-content\/uploads\/2024\/04\/EYWA_LODGE_AMAZONAS-logo-A.png\",\"contentUrl\":\"https:\/\/eywalodgeamazonas.com\/wp-content\/uploads\/2024\/04\/EYWA_LODGE_AMAZONAS-logo-A.png\",\"width\":276,\"height\":257,\"caption\":\"Eywa Lodge Amazonas\"},\"image\":{\"@id\":\"https:\/\/eywalodgeamazonas.com\/#\/schema\/logo\/image\/\"}}]}<\/script>\n<!-- \/ Yoast SEO plugin. -->","yoast_head_json":{"title":"Contact - Eywa Lodge Amazonas","description":"Eco-lodge in the Amazon rainforest near Iquitos (Peru), right next to the source of the Amazon River.","robots":{"index":"index","follow":"follow","max-snippet":"max-snippet:-1","max-image-preview":"max-image-preview:large","max-video-preview":"max-video-preview:-1"},"canonical":"https:\/\/eywalodgeamazonas.com\/en\/contact\/","og_locale":"en_US","og_type":"article","og_title":"Eywa Lodge Amazonas","og_description":"Eco-lodge in the Amazon rainforest near Iquitos (Peru), right next to the source of the Amazon River.","og_url":"https:\/\/eywalodgeamazonas.com\/en\/contact\/","og_site_name":"Eywa Lodge Amazonas","article_modified_time":"2024-08-09T15:13:33+00:00","og_image":[{"width":1200,"height":675,"url":"https:\/\/eywalodgeamazonas.com\/wp-content\/uploads\/2024\/08\/eywaSoc.jpg","type":"image\/jpeg"}],"twitter_card":"summary_large_image","twitter_title":"Eywa Lodge Amazonas","twitter_description":"Eco-lodge in the Amazon rainforest near Iquitos (Peru), right next to the source of the Amazon River.","twitter_image":"https:\/\/eywalodgeamazonas.com\/wp-content\/uploads\/2024\/08\/eywaSoc.jpg","twitter_misc":{"Est. reading time":"1 minute"},"schema":{"@context":"https:\/\/schema.org","@graph":[{"@type":"WebPage","@id":"https:\/\/eywalodgeamazonas.com\/en\/contact\/","url":"https:\/\/eywalodgeamazonas.com\/en\/contact\/","name":"Contact - Eywa Lodge Amazonas","isPartOf":{"@id":"https:\/\/eywalodgeamazonas.com\/#website"},"primaryImageOfPage":{"@id":"https:\/\/eywalodgeamazonas.com\/en\/contact\/#primaryimage"},"image":{"@id":"https:\/\/eywalodgeamazonas.com\/en\/contact\/#primaryimage"},"thumbnailUrl":"https:\/\/eywalodgeamazonas.com\/wp-content\/uploads\/2024\/06\/EYWA-LODGE-AMAZONAS-bungalow-exterior3.jpg","datePublished":"2024-05-16T00:42:33+00:00","dateModified":"2024-08-09T15:13:33+00:00","description":"Eco-lodge in the Amazon rainforest near Iquitos (Peru), right next to the source of the Amazon River.","breadcrumb":{"@id":"https:\/\/eywalodgeamazonas.com\/en\/contact\/#breadcrumb"},"inLanguage":"en-US","potentialAction":[{"@type":"ReadAction","target":["https:\/\/eywalodgeamazonas.com\/en\/contact\/"]}]},{"@type":"ImageObject","inLanguage":"en-US","@id":"https:\/\/eywalodgeamazonas.com\/en\/contact\/#primaryimage","url":"https:\/\/eywalodgeamazonas.com\/wp-content\/uploads\/2024\/06\/EYWA-LODGE-AMAZONAS-bungalow-exterior3.jpg","contentUrl":"https:\/\/eywalodgeamazonas.com\/wp-content\/uploads\/2024\/06\/EYWA-LODGE-AMAZONAS-bungalow-exterior3.jpg","width":1256,"height":1040},{"@type":"BreadcrumbList","@id":"https:\/\/eywalodgeamazonas.com\/en\/contact\/#breadcrumb","itemListElement":[{"@type":"ListItem","position":1,"name":"Home","item":"https:\/\/eywalodgeamazonas.com\/"},{"@type":"ListItem","position":2,"name":"Contact"}]},{"@type":"WebSite","@id":"https:\/\/eywalodgeamazonas.com\/#website","url":"https:\/\/eywalodgeamazonas.com\/","name":"Eywa Lodge Amazonas","description":"Eco-lodge en la selva Amaz\u00f3nica cerca de Iquitos (Per\u00fa), justo al lado del nacimiento del r\u00edo Amazonas.","publisher":{"@id":"https:\/\/eywalodgeamazonas.com\/#organization"},"alternateName":"Eywa Lodge Amazonas","potentialAction":[{"@type":"SearchAction","target":{"@type":"EntryPoint","urlTemplate":"https:\/\/eywalodgeamazonas.com\/?s={search_term_string}"},"query-input":{"@type":"PropertyValueSpecification","valueRequired":true,"valueName":"search_term_string"}}],"inLanguage":"en-US"},{"@type":"Organization","@id":"https:\/\/eywalodgeamazonas.com\/#organization","name":"Eywa Lodge Amazonas","url":"https:\/\/eywalodgeamazonas.com\/","logo":{"@type":"ImageObject","inLanguage":"en-US","@id":"https:\/\/eywalodgeamazonas.com\/#\/schema\/logo\/image\/","url":"https:\/\/eywalodgeamazonas.com\/wp-content\/uploads\/2024\/04\/EYWA_LODGE_AMAZONAS-logo-A.png","contentUrl":"https:\/\/eywalodgeamazonas.com\/wp-content\/uploads\/2024\/04\/EYWA_LODGE_AMAZONAS-logo-A.png","width":276,"height":257,"caption":"Eywa Lodge Amazonas"},"image":{"@id":"https:\/\/eywalodgeamazonas.com\/#\/schema\/logo\/image\/"}}]}},"_links":{"self":[{"href":"https:\/\/eywalodgeamazonas.com\/en\/wp-json\/wp\/v2\/pages\/2973","targetHints":{"allow":["GET"]}}],"collection":[{"href":"https:\/\/eywalodgeamazonas.com\/en\/wp-json\/wp\/v2\/pages"}],"about":[{"href":"https:\/\/eywalodgeamazonas.com\/en\/wp-json\/wp\/v2\/types\/page"}],"author":[{"embeddable":true,"href":"https:\/\/eywalodgeamazonas.com\/en\/wp-json\/wp\/v2\/users\/2"}],"replies":[{"embeddable":true,"href":"https:\/\/eywalodgeamazonas.com\/en\/wp-json\/wp\/v2\/comments?post=2973"}],"version-history":[{"count":1,"href":"https:\/\/eywalodgeamazonas.com\/en\/wp-json\/wp\/v2\/pages\/2973\/revisions"}],"predecessor-version":[{"id":2975,"href":"https:\/\/eywalodgeamazonas.com\/en\/wp-json\/wp\/v2\/pages\/2973\/revisions\/2975"}],"wp:featuredmedia":[{"embeddable":true,"href":"https:\/\/eywalodgeamazonas.com\/en\/wp-json\/wp\/v2\/media\/2940"}],"wp:attachment":[{"href":"https:\/\/eywalodgeamazonas.com\/en\/wp-json\/wp\/v2\/media?parent=2973"}],"curies":[{"name":"wp","href":"https:\/\/api.w.org\/{rel}","templated":true}]}}